{"id":1055,"date":"2024-06-11T18:49:00","date_gmt":"2024-06-11T18:49:00","guid":{"rendered":"https:\/\/rv-uedesheim.de\/?page_id=1055"},"modified":"2024-07-31T20:19:13","modified_gmt":"2024-07-31T20:19:13","slug":"sponsoren-2024","status":"publish","type":"page","link":"https:\/\/rv-uedesheim.de\/sponsoren\/sponsoren-2024\/","title":{"rendered":"Sponsoren 2024"},"content":{"rendered":"\n<p><strong>Herzlichen Dank f\u00fcr die freundliche Unterst\u00fctzung unseres Vereins und unseres Reit- und Springturniers 2024<\/strong><\/p>\n\n\n\n<figure class=\"wp-block-table\"><table><tbody><tr><td><a href=\"http:\/\/www.gottfried-schultz.de\" target=\"_blank\" rel=\"noreferrer noopener\">Audi Zentrum Neuss, Gottfried Schultz Automobilhandels SE<\/a><\/td><\/tr><tr><td><a href=\"http:\/\/www.axa-betreuer.de\/springer_theissen\" target=\"_blank\" rel=\"noreferrer noopener\">AXA Gesch\u00e4ftsstelle, Springer &amp; Thei\u00dfen oHG, Neuss<\/a><\/td><\/tr><tr><td><a href=\"http:\/\/www.baeckerei-wiljo-klein.de\/\" target=\"_blank\" rel=\"noreferrer noopener\">B\u00e4ckerei Wiljo Klein, Uedesheim<\/a><\/td><\/tr><tr><td><a href=\"http:\/\/www.bayer-bestattungshaus.de\/\">Bayer Bestattungshaus, Inh. Peter Bayer, Kaarst<\/a><\/td><\/tr><tr><td><a href=\"http:\/\/www.bert-david-schiefer.de\/\" target=\"_blank\" rel=\"noreferrer noopener\">Bert &amp; David Schiefer, Dachdeckermeister GmbH &amp; Co. KG, Uedesheim<\/a><\/td><\/tr><tr><td><a rel=\"noreferrer noopener\" href=\"https:\/\/deref-web.de\/mail\/client\/oNvDBUz5U-s\/dereferrer\/?redirectUrl=https%3A%2F%2Fwww.boxenstopp-neuss.de%2F%3Futm_source%3DGMBlisting%26utm_medium%3Dorganic\" target=\"_blank\">Boxenstopp\u2026. alles f\u00fcr Reiter &amp; Pferd, Neuss<\/a><\/td><\/tr><tr><td>Christian Weyen, Dachdeckermeister, Kaarst<\/td><\/tr><tr><td><a href=\"http:\/\/www.coenen.de\/unternehmen\" target=\"_blank\" rel=\"noreferrer noopener\">Coenen Neuss GmbH &amp; Co. KG<\/a><\/td><\/tr><tr><td>Die dienstags Springstunde aus Uedesheim<\/td><\/tr><tr><td><a href=\"http:\/\/edeka-bilgin.de\" target=\"_blank\" rel=\"noreferrer noopener\">Edeka Bilgin, Uedesheim<\/a><\/td><\/tr><tr><td>Eismacher Konditor Familie Vincenzo Rizzo<\/td><\/tr><tr><td><a href=\"http:\/\/gut-neuwahlscheid.de\" target=\"_blank\" rel=\"noreferrer noopener\">Familie Arends, Uedesheim<\/a><\/td><\/tr><tr><td><a rel=\"noreferrer noopener\" href=\"https:\/\/deref-web.de\/mail\/client\/roag21fArvA\/dereferrer\/?redirectUrl=http%3A%2F%2Fwww.finkenholl-stahl.de%2F\" target=\"_blank\">FINKENHOLL Stahl Service Center GmbH, Bochum<\/a><\/td><\/tr><tr><td>Franz-Peter Meuser, D\u00fcsseldorf<\/td><\/tr><tr><td><a href=\"http:\/\/www.grenzhof-dormagen.de\" data-type=\"URL\" data-id=\"www.grenzhof-dormagen.de\" target=\"_blank\" rel=\"noreferrer noopener\">Franz-Josef Berchem, Dormagen<\/a><\/td><\/tr><tr><td>Frau Elisabeth Gilgen, Uedesheim<\/td><\/tr><tr><td><a href=\"http:\/\/www.haargenau-neuss.de\/\" target=\"_blank\" rel=\"noreferrer noopener\">Friseur Haargenau, Grimlinghausen &amp; St\u00fcrzelberg<\/a><\/td><\/tr><tr><td><a href=\"http:\/\/www.fusskundig.de\/\" target=\"_blank\" rel=\"noreferrer noopener\">Fu\u00dfkundig GbR, Frederic &amp; Marlon Schulmeister, D\u00fcsseldorf<\/a><\/td><\/tr><tr><td><a rel=\"noreferrer noopener\" href=\"https:\/\/deref-web.de\/mail\/client\/_VKkZbQ7GOY\/dereferrer\/?redirectUrl=http%3A%2F%2Fwww.gerken-mietservice.de%2F\" target=\"_blank\">Gerken, Mietservice GmbH, D\u00fcsseldorf<\/a><\/td><\/tr><tr><td><a rel=\"noreferrer noopener\" href=\"https:\/\/deref-web.de\/mail\/client\/67MK1KU6otU\/dereferrer\/?redirectUrl=https%3A%2F%2Fwww.korbmacher.com%2F\" target=\"_blank\">Korbmacher GmbH &amp; Co, KG, Grimlinghausen<\/a><\/td><\/tr><tr><td><a rel=\"noreferrer noopener\" href=\"http:\/\/www.trova.consulting.de\" target=\"_blank\">Merve Julius, TROVA Personal und Managementberatung, D\u00fcsseldorf<\/a><\/td><\/tr><tr><td><a href=\"https:\/\/nilsdach.de\/\" target=\"_blank\" rel=\"noreferrer noopener\">Nils Dach \u2013 Nils Winfried \u2013 Ihr Dachdeckerspezialist<\/a><\/td><\/tr><tr><td>Oerding Elektrotechnik GmbH, Uedesheim<\/td><\/tr><tr><td><a href=\"http:\/\/www.parfuemerie-platen.de\/\" target=\"_blank\" rel=\"noreferrer noopener\">Platen Parf\u00fcmerien GmbH, Ratingen<\/a><\/td><\/tr><tr><td><a rel=\"noreferrer noopener\" href=\"https:\/\/deref-web.de\/mail\/client\/FN0QlUJyxVw\/dereferrer\/?redirectUrl=http%3A%2F%2Fwww.progrund-immobilien.de%2F\" target=\"_blank\">Pro Grund Immobilien GmbH, Neuss<\/a><\/td><\/tr><tr><td><a rel=\"noreferrer noopener\" href=\"https:\/\/www.reiterlive.de\/\" target=\"_blank\">Reiterlive<\/a><br><a href=\"rheinterrasse-uedesheim.com\">rheinterrasse-uedesheim.com<\/a><\/td><\/tr><tr><td>Sattlerei Stefan Kamp, Meerbusch<\/td><\/tr><tr><td><a rel=\"noreferrer noopener\" href=\"https:\/\/deref-web.de\/mail\/client\/g5PRUhP7zxo\/dereferrer\/?redirectUrl=http%3A%2F%2Fwww.sanitaer-heizung-schlosser.de%2F\" target=\"_blank\">Sanit\u00e4r &amp; Heizung Bernhard Schlosser, Uedesheim<\/a><\/td><\/tr><tr><td><a rel=\"noreferrer noopener\" href=\"http:\/\/www.seidler-tiefbau.de\" target=\"_blank\">Seidler Tiefbau GmbH, Neuss<\/a><\/td><\/tr><tr><td><a href=\"http:\/\/www.steinkamp-3d.de\/\" target=\"_blank\" rel=\"noreferrer noopener\">Steinkamp GmbH, Uedesheim<\/a><\/td><\/tr><tr><td><a href=\"http:\/\/bauschlosserei-kronenberg.de\" target=\"_blank\" rel=\"noreferrer noopener\">Simon Kronenberg, Metallbau , Uedesheim<\/a><\/td><\/tr><tr><td><a href=\"http:\/\/www.taustil.de\" target=\"_blank\" rel=\"noreferrer noopener\">Tau Stil Manufactur, Meerbusch<\/a><\/td><\/tr><tr><td>Werther Hof, Dormagen<\/td><\/tr><tr><td>Wolfgang Veiser, Uedesheim<\/td><\/tr><\/tbody><\/table><\/figure>\n\n\n\n<p id=\"block-8e35459b-efea-4885-b921-070ef80e0bce\"><strong>&#8230; und an alle weiteren G\u00f6nner und Sponsoren, die nicht genannt werden m\u00f6chten.<\/strong><\/p>\n\n\n\n<p>Wir pr\u00e4sentieren unsere Sponsoren \u00fcber Lautsprecherdurchsagen im Rahmen der Veranstaltungsmoderation sowie auf unserer Anzeigentafel. Zudem besteht die M\u00f6glichkeit, auf dem Veranstaltungsgel\u00e4nde in Form von Bandenwerbungen oder Informations- oder Verkaufsst\u00e4nden entsprechend zu werben.<\/p>\n\n\n\n<p>Haben wir Ihr Interesse geweckt? Bei Fragen erreichen Sie uns via E-Mail&nbsp;<a href=\"mailto:info@rv-uedesheim.de\">info@rv-uedesheim.de<\/a>. Oder Sie f\u00fcllen das&nbsp;<a href=\"https:\/\/rv-uedesheim.de\/wp-content\/uploads\/2024\/05\/Formular-Sponsoring-2024.pdf\">Sponsoren-Formular<\/a>&nbsp;aus und senden es bis zum&nbsp;<strong>6. Juli 2024<\/strong>&nbsp;per Mail an&nbsp;<a href=\"mailto:info@rv-uedesheim.de\">info@rv-uedesheim.de<\/a>. Wir werden dann rechtzeitig vor dem Turnier wieder auf Sie zukommen.<\/p>\n\n\n\n<p>Jede noch so kleine Unterst\u00fctzung, sei es als Sponsor oder auch als Helfer, kann uns bei unserem Turnier helfen.<br>Wir w\u00fcrden uns sehr freuen !<\/p>\n","protected":false},"excerpt":{"rendered":"<p>Herzlichen Dank f\u00fcr die freundliche Unterst\u00fctzung unseres Vereins und unseres Reit- und Springturniers 2024 Audi Zentrum Neuss, Gottfried Schultz Automobilhandels SE AXA Gesch\u00e4ftsstelle, Springer &amp;<a href=\"https:\/\/rv-uedesheim.de\/sponsoren\/sponsoren-2024\/\" class=\"more-link\">View More<\/a><\/p>\n","protected":false},"author":2,"featured_media":0,"parent":20,"menu_order":0,"comment_status":"closed","ping_status":"closed","template":"","meta":[],"_links":{"self":[{"href":"https:\/\/rv-uedesheim.de\/wp-json\/wp\/v2\/pages\/1055"}],"collection":[{"href":"https:\/\/rv-uedesheim.de\/wp-json\/wp\/v2\/pages"}],"about":[{"href":"https:\/\/rv-uedesheim.de\/wp-json\/wp\/v2\/types\/page"}],"author":[{"embeddable":true,"href":"https:\/\/rv-uedesheim.de\/wp-json\/wp\/v2\/users\/2"}],"replies":[{"embeddable":true,"href":"https:\/\/rv-uedesheim.de\/wp-json\/wp\/v2\/comments?post=1055"}],"version-history":[{"count":19,"href":"https:\/\/rv-uedesheim.de\/wp-json\/wp\/v2\/pages\/1055\/revisions"}],"predecessor-version":[{"id":1137,"href":"https:\/\/rv-uedesheim.de\/wp-json\/wp\/v2\/pages\/1055\/revisions\/1137"}],"up":[{"embeddable":true,"href":"https:\/\/rv-uedesheim.de\/wp-json\/wp\/v2\/pages\/20"}],"wp:attachment":[{"href":"https:\/\/rv-uedesheim.de\/wp-json\/wp\/v2\/media?parent=1055"}],"curies":[{"name":"wp","href":"https:\/\/api.w.org\/{rel}","templated":true}]}}